







{"id":689,"date":"2024-01-11T21:29:25","date_gmt":"2024-01-11T20:29:25","guid":{"rendered":"https:\/\/fliegen-goettingen.de\/?page_id=689"},"modified":"2024-01-11T22:19:41","modified_gmt":"2024-01-11T21:19:41","slug":"groundhandling","status":"publish","type":"page","link":"https:\/\/fliegen-goettingen.de\/?page_id=689","title":{"rendered":"Groundhandling"},"content":{"rendered":"\n<p><\/p>\n\n\n\n<p><\/p>\n\n\n\n<div class=\"wp-block-media-text is-stacked-on-mobile\" style=\"grid-template-columns:47% auto\"><figure class=\"wp-block-media-text__media\"><img loading=\"lazy\" decoding=\"async\" width=\"844\" height=\"574\" src=\"https:\/\/fliegen-goettingen.de\/wp-content\/uploads\/2024\/01\/Groudhandling.jpg\" alt=\"\" class=\"wp-image-701 size-full\" srcset=\"https:\/\/fliegen-goettingen.de\/wp-content\/uploads\/2024\/01\/Groudhandling.jpg 844w, https:\/\/fliegen-goettingen.de\/wp-content\/uploads\/2024\/01\/Groudhandling-300x204.jpg 300w, https:\/\/fliegen-goettingen.de\/wp-content\/uploads\/2024\/01\/Groudhandling-768x522.jpg 768w\" sizes=\"auto, (max-width: 844px) 100vw, 844px\" \/><\/figure><div class=\"wp-block-media-text__content\">\n<p>Groundhandling, das ist das Aufziehen und Spielen mit dem Gleitschirm am Boden.<\/p>\n\n\n\n<p>Es bietet eine gute M\u00f6glichkeit, die Beherrschung seines Schirms zu trainieren und sich mit seinen speziellen Eigenschaften vertraut zu machen. Besonders das R\u00fcckw\u00e4rts-Aufziehen, das an vielen Startpl\u00e4tzen und vor allem bei starkem Wind Voraussetzung f\u00fcr einen kontrollierten Start ist, sollte in Ruhe beim Groundhandling ge\u00fcbt und perfektioniert werden.<\/p>\n\n\n\n<p>Und es macht Spa\u00df!<\/p>\n<\/div><\/div>\n\n\n\n<p><\/p>\n\n\n\n<p>Uns steht mit dem Sportplatz in L\u00fctgenrode ein Gel\u00e4nde zur Verf\u00fcgung, das hierf\u00fcr genutzt werden kann:<\/p>\n\n\n\n        <div id=\"map_ol3js_1\"\n       class=\"osm-map-container undefined\"\n             data-map_name=\"undefined\"\n             data-map=\"map_ol3js_1\"\n             style=\"width:95%;\n                    max-width:100%;\n                    height:450px;\n                    display:block;\n                    overflow:hidden;\n                    border:2px solid grey;\">\n          <div id=\"map_ol3js_1_popup\" class=\"ol-popup\">\n            <a href=\"#\" id=\"map_ol3js_1_popup-closer\" class=\"ol-popup-closer\"><\/a>\n            <div id=\"map_ol3js_1_popup-content\"><\/div>\n          <\/div>\n        <\/div>\n    \n\n\t\t\t\t<script type=\"text\/javascript\">\n\t\t\t\t\ttranslations['openlayer'] = \"open layer\";\n\t\t\t\t\ttranslations['openlayerAtStartup'] = \"open layer at startup\";\n\t\t\t\t\ttranslations['generateLink'] = \"Der Link zur Karte mit ausgew\u00e4hlten Overlays und angezeigtem Ausschnitt\";\n\t\t\t\t\ttranslations['shortDescription'] = \"Kurzbeschreibung\";\n\t\t\t\t\ttranslations['generatedShortCode'] = \"to get a text control link paste this code in your wordpress editor\";\n\t\t\t\t\ttranslations['closeLayer'] = \"close layer\";\n\t\t\t\t\ttranslations['cantGenerateLink'] = \"put this string in the existing map short code to control this map\";\n\t\t\t  <\/script>\n\n\n\t\t\t  <script type=\"text\/javascript\">\n\t\t\t  vectorM['map_ol3js_1'] = [];\n\t        \n        var raster = getTileLayer(\"osm\",\"NoKey\");\t\t\t\n\n\t\t\t  var map_ol3js_1 = new ol.Map({\n\t\t\t\tinteractions: ol.interaction.defaults.defaults({mouseWheelZoom:false}),\n\t\t\t\tlayers: [raster],\n\t\t\t\ttarget: \"map_ol3js_1\",\n\t\t\t\tview: new ol.View({\n\t\t\t\t  center: ol.proj.transform([9.9074,51.6276], \"EPSG:4326\", \"EPSG:3857\"),\n\t\t\t\t  zoom: 14.0\n\t\t\t\t})\n\t\t\t  });\n\t\t\t  osm_addMarkerLayer(map_ol3js_1,9.9075,51.6262,\"https:\/\/fliegen-goettingen.de\/wp-content\/plugins\/osm\/icons\/mic_red_pinother_02.png\",-16,-41,\"<p><\/p>\") ; \naddControls2Map(map_ol3js_1,0,0,3,0,5,6,7,0,1);\nosm_addPopupClickhandler(map_ol3js_1,  \"map_ol3js_1\"); \nosm_addMouseHover(map_ol3js_1); <\/script>\n\n\n<p> <\/p>\n\n\n\n<p>Auch die Drachenwiese in G\u00f6ttingen bietet sich hierf\u00fcr an:<\/p>\n\n\n\n        <div id=\"map_ol3js_2\"\n       class=\"osm-map-container undefined\"\n             data-map_name=\"undefined\"\n             data-map=\"map_ol3js_2\"\n             style=\"width:95%;\n                    max-width:100%;\n                    height:450px;\n                    display:block;\n                    overflow:hidden;\n                    border:2px solid grey;\">\n          <div id=\"map_ol3js_2_popup\" class=\"ol-popup\">\n            <a href=\"#\" id=\"map_ol3js_2_popup-closer\" class=\"ol-popup-closer\"><\/a>\n            <div id=\"map_ol3js_2_popup-content\"><\/div>\n          <\/div>\n        <\/div>\n    \n\n\t\t\t\t<script type=\"text\/javascript\">\n\t\t\t\t\ttranslations['openlayer'] = \"open layer\";\n\t\t\t\t\ttranslations['openlayerAtStartup'] = \"open layer at startup\";\n\t\t\t\t\ttranslations['generateLink'] = \"Der Link zur Karte mit ausgew\u00e4hlten Overlays und angezeigtem Ausschnitt\";\n\t\t\t\t\ttranslations['shortDescription'] = \"Kurzbeschreibung\";\n\t\t\t\t\ttranslations['generatedShortCode'] = \"to get a text control link paste this code in your wordpress editor\";\n\t\t\t\t\ttranslations['closeLayer'] = \"close layer\";\n\t\t\t\t\ttranslations['cantGenerateLink'] = \"put this string in the existing map short code to control this map\";\n\t\t\t  <\/script>\n\n\n\t\t\t  <script type=\"text\/javascript\">\n\t\t\t  vectorM['map_ol3js_2'] = [];\n\t        \n        var raster = getTileLayer(\"osm\",\"NoKey\");\t\t\t\n\n\t\t\t  var map_ol3js_2 = new ol.Map({\n\t\t\t\tinteractions: ol.interaction.defaults.defaults({mouseWheelZoom:false}),\n\t\t\t\tlayers: [raster],\n\t\t\t\ttarget: \"map_ol3js_2\",\n\t\t\t\tview: new ol.View({\n\t\t\t\t  center: ol.proj.transform([9.9365,51.5127], \"EPSG:4326\", \"EPSG:3857\"),\n\t\t\t\t  zoom: 14.0\n\t\t\t\t})\n\t\t\t  });\n\t\t\t  addControls2Map(map_ol3js_2,0,0,3,0,5,6,7,0,1);\nosm_addPopupClickhandler(map_ol3js_2,  \"map_ol3js_2\"); \nosm_addMouseHover(map_ol3js_2); <\/script>","protected":false},"excerpt":{"rendered":"<p>Groundhandling, das ist das Aufziehen und Spielen mit dem Gleitschirm am Boden. Es bietet eine gute M\u00f6glichkeit, die Beherrschung seines Schirms zu trainieren und sich mit seinen speziellen Eigenschaften vertraut [&hellip;]<\/p>\n","protected":false},"author":2,"featured_media":0,"parent":0,"menu_order":0,"comment_status":"closed","ping_status":"closed","template":"fullwidth-page.php","meta":{"footnotes":""},"class_list":["post-689","page","type-page","status-publish","hentry"],"_links":{"self":[{"href":"https:\/\/fliegen-goettingen.de\/index.php?rest_route=\/wp\/v2\/pages\/689","targetHints":{"allow":["GET"]}}],"collection":[{"href":"https:\/\/fliegen-goettingen.de\/index.php?rest_route=\/wp\/v2\/pages"}],"about":[{"href":"https:\/\/fliegen-goettingen.de\/index.php?rest_route=\/wp\/v2\/types\/page"}],"author":[{"embeddable":true,"href":"https:\/\/fliegen-goettingen.de\/index.php?rest_route=\/wp\/v2\/users\/2"}],"replies":[{"embeddable":true,"href":"https:\/\/fliegen-goettingen.de\/index.php?rest_route=%2Fwp%2Fv2%2Fcomments&post=689"}],"version-history":[{"count":19,"href":"https:\/\/fliegen-goettingen.de\/index.php?rest_route=\/wp\/v2\/pages\/689\/revisions"}],"predecessor-version":[{"id":723,"href":"https:\/\/fliegen-goettingen.de\/index.php?rest_route=\/wp\/v2\/pages\/689\/revisions\/723"}],"wp:attachment":[{"href":"https:\/\/fliegen-goettingen.de\/index.php?rest_route=%2Fwp%2Fv2%2Fmedia&parent=689"}],"curies":[{"name":"wp","href":"https:\/\/api.w.org\/{rel}","templated":true}]}}