{"id":224,"date":"2023-11-13T20:56:16","date_gmt":"2023-11-13T20:56:16","guid":{"rendered":"https:\/\/fliegen-goettingen.de\/?page_id=224"},"modified":"2023-12-30T19:26:07","modified_gmt":"2023-12-30T18:26:07","slug":"fliegen-lernen","status":"publish","type":"page","link":"https:\/\/fliegen-goettingen.de\/?page_id=224","title":{"rendered":"Fliegen lernen"},"content":{"rendered":"\n<p><\/p>\n\n\n\n<figure class=\"wp-block-image\"><img decoding=\"async\" src=\"https:\/\/www.fliegen-goettingen.de\/s\/cc_images\/cache_20339113.jpg?t=1376820366\" alt=\"\"\/><\/figure>\n\n\n\n<p><a href=\"https:\/\/www.fliegen-goettingen.de\/s\/cc_images\/cache_20339113.jpg?t=1376820366\"><\/a><\/p>\n\n\n\n<p>Die Ausbildung zum Gleitschirmpiloten kann man in Deutschland fr\u00fchestens mit 14 Jahren beginnen. Als erstes lernt man in einer Flugschule den Gleitschirm und den Pilotensitz, das sogenannte Gurtzeug, kennen. Dann \u00fcbt man am Boden, wie man einen Gleitschirm im Wind aufzieht und ihn m\u00f6glichst lange \u00fcber sich h\u00e4lt. Dabei lernt man, wie man den Schirm mit K\u00f6rpereinsatz und den Steuerleinen lenkt und abbremst. Wir nennen das &#8222;Groundhandling&#8220; &#8211; ein wichtiger Teil des Gleitschirmsports, den auch erfahrene Piloten immer wieder durchf\u00fchren, um mit den Eigenheiten ihres Schirms vertraut zu werden und um in \u00dcbung zu bleiben.<\/p>\n\n\n\n<p>Sobald man das Groundhandling einigerma\u00dfen beherrscht, beginnt man mit Funkunterst\u00fctzung die ersten kleinen Fl\u00fcge am \u00dcbungshang oder an der Winde zu machen. Auch wenn die ersten H\u00f6hen nur ca. 10 &#8211; 50m sind, ist das Gl\u00fccksgef\u00fchl bei diesen ersten Flugerlebnissen unvergesslich. Der Fluglehrer ist \u00fcber Funk immer mit dabei und gibt bei Bedarf konkrete Anweisungen. Aber fliegen darfst Du schon alleine.<\/p>\n\n\n\n<p>Die Ausbildung umfasst sowohl praktische Teile (Groundhandling, Fliegen, Behandlung der Ausr\u00fcstung &#8230;), als auch Theorieunterricht (Wetterkunde, Technik, Flugregeln &#8230;), die man jeweils mit einer Pr\u00fcfung abschlie\u00dft. Das hei\u00dft wenn Du die vorgeschriebene Anzahl der Fl\u00fcge zusammen hast, die Theoriepr\u00fcfung bestanden hast und mindestens 16 Jahre alt bist, kannst du die praktische Pr\u00fcfung ablegen. Danach bist Du im Besitz des sogenannten A-Scheins und endlich berechtigt, alleine von jedem zugelassenen Startplatz zu starten und auf dem dazugeh\u00f6rigen Landeplatz zu landen. <\/p>\n\n\n\n<p>Die n\u00e4chste Stufe ist der B-Schein. Diese Ausbildung gibt Dir die Berechtigung zu \u00dcberlandfl\u00fcgen, d.h. an einem Startplatz zu starten, &#8222;auf Strecke&#8220; zugehen und in geeignetem Gel\u00e4nde zu landen &#8211; oft auch au\u00dferhalb zugelassener Landepl\u00e4tze.<\/p>\n\n\n\n<p>Zugelassene Gleitschirmschulen k\u00f6nnen dir die richtigen Techniken, ihre Erfahrungen und viele n\u00fctzliche Tipps von Anfang an mitgeben und nutzen mitlerweile auch Videoanalysen Deiner Starts, Fl\u00fcge und Landungen um deine Technik zu verbessern und bei Fortgeschrittenen zu perfektionieren. <\/p>\n\n\n\n<p>Empfehlungen f\u00fcr Flugschulen findest du <a href=\"https:\/\/fliegen-goettingen.de\/?page_id=292\">hier<\/a>.<\/p>\n\n\n\n<p>Weitere Infos beim <a href=\"http:\/\/www.dhv.de\/web\/piloteninfos\/ausbildung\/\" target=\"_blank\" rel=\"noreferrer noopener\">DHV<\/a><\/p>\n","protected":false},"excerpt":{"rendered":"<p>Die Ausbildung zum Gleitschirmpiloten kann man in Deutschland fr\u00fchestens mit 14 Jahren beginnen. Als erstes lernt man in einer Flugschule den Gleitschirm und den Pilotensitz, das sogenannte Gurtzeug, kennen. Dann [&hellip;]<\/p>\n","protected":false},"author":1,"featured_media":0,"parent":0,"menu_order":0,"comment_status":"closed","ping_status":"closed","template":"fullwidth-page.php","meta":{"footnotes":""},"class_list":["post-224","page","type-page","status-publish","hentry"],"_links":{"self":[{"href":"https:\/\/fliegen-goettingen.de\/index.php?rest_route=\/wp\/v2\/pages\/224","targetHints":{"allow":["GET"]}}],"collection":[{"href":"https:\/\/fliegen-goettingen.de\/index.php?rest_route=\/wp\/v2\/pages"}],"about":[{"href":"https:\/\/fliegen-goettingen.de\/index.php?rest_route=\/wp\/v2\/types\/page"}],"author":[{"embeddable":true,"href":"https:\/\/fliegen-goettingen.de\/index.php?rest_route=\/wp\/v2\/users\/1"}],"replies":[{"embeddable":true,"href":"https:\/\/fliegen-goettingen.de\/index.php?rest_route=%2Fwp%2Fv2%2Fcomments&post=224"}],"version-history":[{"count":8,"href":"https:\/\/fliegen-goettingen.de\/index.php?rest_route=\/wp\/v2\/pages\/224\/revisions"}],"predecessor-version":[{"id":646,"href":"https:\/\/fliegen-goettingen.de\/index.php?rest_route=\/wp\/v2\/pages\/224\/revisions\/646"}],"wp:attachment":[{"href":"https:\/\/fliegen-goettingen.de\/index.php?rest_route=%2Fwp%2Fv2%2Fmedia&parent=224"}],"curies":[{"name":"wp","href":"https:\/\/api.w.org\/{rel}","templated":true}]}}