{"id":204,"date":"2023-11-13T20:47:11","date_gmt":"2023-11-13T20:47:11","guid":{"rendered":"https:\/\/fliegen-goettingen.de\/?page_id=204"},"modified":"2024-04-01T18:59:10","modified_gmt":"2024-04-01T16:59:10","slug":"am-berg","status":"publish","type":"page","link":"https:\/\/fliegen-goettingen.de\/?page_id=204","title":{"rendered":"Am Hang"},"content":{"rendered":"\n<p>Die sch\u00f6nste Form, einen Gleitschirmflug zu beginnen, ist sicher der Hangstart.<\/p>\n\n\n\n<div class=\"wp-block-media-text is-stacked-on-mobile\"><figure class=\"wp-block-media-text__media\"><img loading=\"lazy\" decoding=\"async\" width=\"1024\" height=\"765\" src=\"https:\/\/fliegen-goettingen.de\/wp-content\/uploads\/2023\/11\/Kella-1024x765.jpeg\" alt=\"\" class=\"wp-image-529 size-full\" srcset=\"https:\/\/fliegen-goettingen.de\/wp-content\/uploads\/2023\/11\/Kella-1024x765.jpeg 1024w, https:\/\/fliegen-goettingen.de\/wp-content\/uploads\/2023\/11\/Kella-300x224.jpeg 300w, https:\/\/fliegen-goettingen.de\/wp-content\/uploads\/2023\/11\/Kella-768x574.jpeg 768w, https:\/\/fliegen-goettingen.de\/wp-content\/uploads\/2023\/11\/Kella.jpeg 1152w\" sizes=\"auto, (max-width: 1024px) 100vw, 1024px\" \/><\/figure><div class=\"wp-block-media-text__content\">\n<p>Meist sitzt man mit den anderen Piloten am Startplatz, beobachtet die bereits gestarteten Piloten, um die Verh\u00e4ltnisse einzusch\u00e4tzen, tauscht Besonderheiten des Fluggebietes aus und geniesst bereits den ersten Blick vom Startplatz \u00fcber die Landschaft.<\/p>\n\n\n\n<p>Nach Begutachtung der Gegebenheiten und dem Entschluss, zu starten wird die Ausr\u00fcstung aus dem Rucksack gepackt und auf dem Startplatz sorgf\u00e4ltig startfertig gemacht.<\/p>\n<\/div><\/div>\n\n\n\n<p><\/p>\n\n\n\n<p><\/p>\n\n\n\n<div class=\"wp-block-media-text is-stacked-on-mobile\" style=\"grid-template-columns:34% auto\"><figure class=\"wp-block-media-text__media\"><img loading=\"lazy\" decoding=\"async\" width=\"210\" height=\"158\" src=\"https:\/\/fliegen-goettingen.de\/wp-content\/uploads\/2023\/11\/cache_20667883.jpg\" alt=\"\" class=\"wp-image-331 size-full\"\/><\/figure><div class=\"wp-block-media-text__content\">\n<p>Beim Start, wenn der Schirm aufgezogen ist und \u00fcber dem Piloten steht und man sich je nach Windst\u00e4rke beim Gehen oder Laufen langsam von der Erde l\u00f6st, beginnt das Flugerlebnis.<\/p>\n<\/div><\/div>\n\n\n\n<p><\/p>\n\n\n\n<p>Der Hangstart hat oft auch eine weitere sportliche Komponente: Nicht immer kann man die Startpl\u00e4tze direkt mit dem Auto oder der Bergbahn erreichen. H\u00e4ufig geht dem Flug eine kleine oder l\u00e4ngere Wanderung voraus. Einige erfahrene Gleitschirmflieger verbinden bewusst das Flugerlebnis mit einer teilweise mehrt\u00e4gigen Wandertour bis zu entlegenen (Gipfel)startp\u00e4tzen. <\/p>\n\n\n\n<p>In unseren regionalen Mittelgebirgen z.B. Harz, Hoher Meissner, Sauerland, Rh\u00f6n, Weserbergland, sind es eher 20 &#8211; 60 Minuten Anmarsch und typischerweise deutlich weniger Gedr\u00e4nge als in den Alpen, um die Startpl\u00e4tze und Soaringkanten zu erreichen. Schon mit wenigen 100 m Start\u00fcberh\u00f6hung wird man als Gleitschirmflieger mit beeindruckenden Ausblicken \u00fcber die gesamte Mittelgebirgslandschaft belohnt &#8211; Aussichten die man sich in den Alpen viel schwerer erarbeiten, oder besser erfliegen muss (<a href=\"?page_id=737\">siehe Hangstartpl\u00e4tze in der Region<\/a>).<\/p>\n\n\n\n<p><\/p>\n","protected":false},"excerpt":{"rendered":"<p>Die sch\u00f6nste Form, einen Gleitschirmflug zu beginnen, ist sicher der Hangstart. Meist sitzt man mit den anderen Piloten am Startplatz, beobachtet die bereits gestarteten Piloten, um die Verh\u00e4ltnisse einzusch\u00e4tzen, tauscht [&hellip;]<\/p>\n","protected":false},"author":1,"featured_media":0,"parent":0,"menu_order":0,"comment_status":"closed","ping_status":"closed","template":"fullwidth-page.php","meta":{"footnotes":""},"class_list":["post-204","page","type-page","status-publish","hentry"],"_links":{"self":[{"href":"https:\/\/fliegen-goettingen.de\/index.php?rest_route=\/wp\/v2\/pages\/204","targetHints":{"allow":["GET"]}}],"collection":[{"href":"https:\/\/fliegen-goettingen.de\/index.php?rest_route=\/wp\/v2\/pages"}],"about":[{"href":"https:\/\/fliegen-goettingen.de\/index.php?rest_route=\/wp\/v2\/types\/page"}],"author":[{"embeddable":true,"href":"https:\/\/fliegen-goettingen.de\/index.php?rest_route=\/wp\/v2\/users\/1"}],"replies":[{"embeddable":true,"href":"https:\/\/fliegen-goettingen.de\/index.php?rest_route=%2Fwp%2Fv2%2Fcomments&post=204"}],"version-history":[{"count":15,"href":"https:\/\/fliegen-goettingen.de\/index.php?rest_route=\/wp\/v2\/pages\/204\/revisions"}],"predecessor-version":[{"id":837,"href":"https:\/\/fliegen-goettingen.de\/index.php?rest_route=\/wp\/v2\/pages\/204\/revisions\/837"}],"wp:attachment":[{"href":"https:\/\/fliegen-goettingen.de\/index.php?rest_route=%2Fwp%2Fv2%2Fmedia&parent=204"}],"curies":[{"name":"wp","href":"https:\/\/api.w.org\/{rel}","templated":true}]}}