{"id":203,"date":"2023-11-13T20:47:11","date_gmt":"2023-11-13T20:47:11","guid":{"rendered":"https:\/\/fliegen-goettingen.de\/?page_id=203"},"modified":"2024-04-01T19:11:06","modified_gmt":"2024-04-01T17:11:06","slug":"an-der-winde","status":"publish","type":"page","link":"https:\/\/fliegen-goettingen.de\/?page_id=203","title":{"rendered":"An der Winde"},"content":{"rendered":"\n<p>Um auch ohne Starth\u00e4nge im Flachland zu fliegen nutzen wir Gleitschirmflieger \u00e4hnlich wie Segelflugzeuge eine Winde (siehe Bild), die meist an einen PKW angeh\u00e4ngt wird und wie in unserem Beispielbild mit einem Benzinmotor betrieben wird.<\/p>\n\n\n\n<p>Der Windenschlepp hat durchaus seine Reize. W\u00e4hrend man bei uns im Mittelgebirge teilweise 30 &#8211; 40 min zum Startplatz zu Fu\u00df laufen muss, um dort evtl. nach 3 min. Flugzeit wieder am Boden zu stehen, weil man keine Thermik erwischt hat, oder in einem Schneisenstartplatz lange warten muss, bis der Wind genau von vorne kommt, ist man an der Winde diesbez\u00fcglich flexibler. Seitenwind macht weniger Probleme und wenn man &#8222;abs\u00e4uft&#8220;, landet man am Startplatz und l\u00e4sst sich gleich noch mal hochziehen.<br>Aktuell f\u00fchren wir unseren Windenschleppbetrieb auf dem Gel\u00e4nde des Luftsportvereins Eichsfeld-G\u00f6ttingen in G\u00fcnterode durch (<a href=\"?page_id=165\">\u00dcber den Verein<\/a>. <br><\/p>\n\n\n\n<p><\/p>\n\n\n\n<p><\/p>\n\n\n\n<div class=\"wp-block-media-text is-stacked-on-mobile\" style=\"grid-template-columns:42% auto\"><figure class=\"wp-block-media-text__media\"><img loading=\"lazy\" decoding=\"async\" width=\"240\" height=\"180\" src=\"https:\/\/fliegen-goettingen.de\/wp-content\/uploads\/2023\/11\/cache_19569306.jpg\" alt=\"\" class=\"wp-image-339 size-full\"\/><\/figure><div class=\"wp-block-media-text__content\">\n<p>Zum Fliegen an der Winde werden au\u00dfer den Gleitschirmpiloten mindestens 2, besser 3 Personen ben\u00f6tigt: Der Windenf\u00fchrer, der den eigentlichen Windenschlepp durchf\u00fchrt, der Startleiter, der den Startvorgang \u00fcberwacht und \u00fcber Funk die Kommandos an den Windenf\u00fchrer weitergibt, &#8230;<\/p>\n<\/div><\/div>\n\n\n\n<p><\/p>\n\n\n\n<div class=\"wp-block-media-text is-stacked-on-mobile\" style=\"grid-template-columns:42% auto\"><figure class=\"wp-block-media-text__media\"><img loading=\"lazy\" decoding=\"async\" width=\"1024\" height=\"768\" src=\"https:\/\/fliegen-goettingen.de\/wp-content\/uploads\/2023\/11\/IMG-20230709-WA0009-1024x768.jpg\" alt=\"\" class=\"wp-image-322 size-full\" srcset=\"https:\/\/fliegen-goettingen.de\/wp-content\/uploads\/2023\/11\/IMG-20230709-WA0009-1024x768.jpg 1024w, https:\/\/fliegen-goettingen.de\/wp-content\/uploads\/2023\/11\/IMG-20230709-WA0009-300x225.jpg 300w, https:\/\/fliegen-goettingen.de\/wp-content\/uploads\/2023\/11\/IMG-20230709-WA0009-768x576.jpg 768w, https:\/\/fliegen-goettingen.de\/wp-content\/uploads\/2023\/11\/IMG-20230709-WA0009-1536x1152.jpg 1536w, https:\/\/fliegen-goettingen.de\/wp-content\/uploads\/2023\/11\/IMG-20230709-WA0009.jpg 2048w\" sizes=\"auto, (max-width: 1024px) 100vw, 1024px\" \/><\/figure><div class=\"wp-block-media-text__content\">\n<p>&#8230; und einem Fahrer, der mit einem Fahrzeug das Seil nach dem Schleppvorgang von der Winde wieder zum Startplatz f\u00e4hrt.<\/p>\n<\/div><\/div>\n\n\n\n<p><\/p>\n\n\n\n<div class=\"wp-block-media-text is-stacked-on-mobile\" style=\"grid-template-columns:42% auto\"><figure class=\"wp-block-media-text__media\"><img loading=\"lazy\" decoding=\"async\" width=\"683\" height=\"683\" src=\"https:\/\/fliegen-goettingen.de\/wp-content\/uploads\/2023\/11\/Joerg-Winde.jpg\" alt=\"\" class=\"wp-image-524 size-full\" srcset=\"https:\/\/fliegen-goettingen.de\/wp-content\/uploads\/2023\/11\/Joerg-Winde.jpg 683w, https:\/\/fliegen-goettingen.de\/wp-content\/uploads\/2023\/11\/Joerg-Winde-300x300.jpg 300w, https:\/\/fliegen-goettingen.de\/wp-content\/uploads\/2023\/11\/Joerg-Winde-150x150.jpg 150w\" sizes=\"auto, (max-width: 683px) 100vw, 683px\" \/><\/figure><div class=\"wp-block-media-text__content\">\n<p>Beim Windenschlepp wird der Pilot an einem Stahl- oder Kunststoffseil, das abh\u00e4ngig vom Schleppgel\u00e4nde \u00fcber 1.000m lang sein kann, von der Motorwinde in die Luft gezogen. Wenn der Pilot fast \u00fcber der Winde ist, klinkt er das Seil aus und fliiiiegt. Je nach Wind, Startgewicht und Schleppstrecke erreicht man mehrere hundert Meter Ausklinkh\u00f6he. Nicht selten sind die erreichten H\u00f6hen weit \u00fcber denen, die in unseren Mittelgebirgen zwischen Start- und Landeplatz liegen. Daf\u00fcr ist es im Flachland deutlich anspruchsvoller, eine entsprechende Thermikquelle zu finden, um oben zu bleiben.<\/p>\n<\/div><\/div>\n\n\n\n<p><\/p>\n\n\n\n<p><\/p>\n\n\n\n<p>Weitere Informationen zum Windenschlepp f\u00fcr Piloten, Windenf\u00fchrern usw. beim <a href=\"http:\/\/www.dhv.de\/web\/piloteninfos\/ausbildung\/winden-und-ul-schlepp\/\" target=\"_blank\" rel=\"noreferrer noopener\">DHV<\/a><\/p>\n","protected":false},"excerpt":{"rendered":"<p>Um auch ohne Starth\u00e4nge im Flachland zu fliegen nutzen wir Gleitschirmflieger \u00e4hnlich wie Segelflugzeuge eine Winde (siehe Bild), die meist an einen PKW angeh\u00e4ngt wird und wie in unserem Beispielbild [&hellip;]<\/p>\n","protected":false},"author":1,"featured_media":0,"parent":0,"menu_order":0,"comment_status":"closed","ping_status":"closed","template":"fullwidth-page.php","meta":{"footnotes":""},"class_list":["post-203","page","type-page","status-publish","hentry"],"_links":{"self":[{"href":"https:\/\/fliegen-goettingen.de\/index.php?rest_route=\/wp\/v2\/pages\/203","targetHints":{"allow":["GET"]}}],"collection":[{"href":"https:\/\/fliegen-goettingen.de\/index.php?rest_route=\/wp\/v2\/pages"}],"about":[{"href":"https:\/\/fliegen-goettingen.de\/index.php?rest_route=\/wp\/v2\/types\/page"}],"author":[{"embeddable":true,"href":"https:\/\/fliegen-goettingen.de\/index.php?rest_route=\/wp\/v2\/users\/1"}],"replies":[{"embeddable":true,"href":"https:\/\/fliegen-goettingen.de\/index.php?rest_route=%2Fwp%2Fv2%2Fcomments&post=203"}],"version-history":[{"count":21,"href":"https:\/\/fliegen-goettingen.de\/index.php?rest_route=\/wp\/v2\/pages\/203\/revisions"}],"predecessor-version":[{"id":841,"href":"https:\/\/fliegen-goettingen.de\/index.php?rest_route=\/wp\/v2\/pages\/203\/revisions\/841"}],"wp:attachment":[{"href":"https:\/\/fliegen-goettingen.de\/index.php?rest_route=%2Fwp%2Fv2%2Fmedia&parent=203"}],"curies":[{"name":"wp","href":"https:\/\/api.w.org\/{rel}","templated":true}]}}