{"id":202,"date":"2023-11-13T20:47:11","date_gmt":"2023-11-13T20:47:11","guid":{"rendered":"https:\/\/fliegen-goettingen.de\/?page_id=202"},"modified":"2023-12-30T13:06:59","modified_gmt":"2023-12-30T12:06:59","slug":"motorfliegen","status":"publish","type":"page","link":"https:\/\/fliegen-goettingen.de\/?page_id=202","title":{"rendered":"Motorfliegen"},"content":{"rendered":"\n<p><a href=\"https:\/\/www.fliegen-goettingen.de\/s\/cc_images\/cache_20636187.jpg?t=1377624461\"><\/a><\/p>\n\n\n\n<div class=\"wp-block-media-text is-stacked-on-mobile\" style=\"grid-template-columns:65% auto\"><figure class=\"wp-block-media-text__media\"><img loading=\"lazy\" decoding=\"async\" width=\"1024\" height=\"633\" src=\"https:\/\/fliegen-goettingen.de\/wp-content\/uploads\/2023\/11\/motor_ausschnitt-1-1024x633.jpg\" alt=\"\" class=\"wp-image-534 size-full\" srcset=\"https:\/\/fliegen-goettingen.de\/wp-content\/uploads\/2023\/11\/motor_ausschnitt-1-1024x633.jpg 1024w, https:\/\/fliegen-goettingen.de\/wp-content\/uploads\/2023\/11\/motor_ausschnitt-1-300x185.jpg 300w, https:\/\/fliegen-goettingen.de\/wp-content\/uploads\/2023\/11\/motor_ausschnitt-1-768x475.jpg 768w, https:\/\/fliegen-goettingen.de\/wp-content\/uploads\/2023\/11\/motor_ausschnitt-1-1536x949.jpg 1536w, https:\/\/fliegen-goettingen.de\/wp-content\/uploads\/2023\/11\/motor_ausschnitt-1.jpg 1741w\" sizes=\"auto, (max-width: 1024px) 100vw, 1024px\" \/><\/figure><div class=\"wp-block-media-text__content\">\n<p>Motorschirmfliegen bedeutet einfaches Fliegen unabh\u00e4ngig von Zeit und Ort, von Auf- und Abwinden. Gen\u00fcssliches Dahingleiten nur ein paar Meter \u00fcber dem Boden, dynamische Flugman\u00f6ver unabh\u00e4ngig von der H\u00f6he oder einfach nur die Aussicht aus gr\u00f6\u00dferer H\u00f6he genie\u00dfen.<\/p>\n<\/div><\/div>\n\n\n\n<p><br><br>Motorschirmfliegen gilt als die einfachste Art des motorisierten Fliegens. Kein aufwendiger Transport ist notwendig, um schnell in die Luft zu kommen. Die H\u00f6he geht niemals aus. Mit dem Schub des Motors im R\u00fccken, geht es immer wieder hoch. Nur Tanken muss man ab und zu.<\/p>\n\n\n\n<p>Alternativ zu dem Motor auf dem R\u00fccken gibt es auch Trikes &#8211; dreir\u00e4drige Gef\u00e4hrte, auf denen der Motor befestigt wird. Damit bewegt man sich sitzend unter dem Gleitschirm durch die Luft und kann bei Doppelsitzern auch Passagiere mitnehmen.<\/p>\n\n\n\n<p>Neben dem Vorteil der gr\u00f6\u00dferen Unabh\u00e4ngigkeit v.a. im Flachland, ist das Motorschirmfliegen allerdings sehr laut &#8211; und hat nichts von dem ger\u00e4uschlosen Gleiten, das die meisten Gleitschirmflieger so genie\u00dfen.<\/p>\n","protected":false},"excerpt":{"rendered":"<p>Motorschirmfliegen bedeutet einfaches Fliegen unabh\u00e4ngig von Zeit und Ort, von Auf- und Abwinden. Gen\u00fcssliches Dahingleiten nur ein paar Meter \u00fcber dem Boden, dynamische Flugman\u00f6ver unabh\u00e4ngig von der H\u00f6he oder einfach [&hellip;]<\/p>\n","protected":false},"author":1,"featured_media":0,"parent":0,"menu_order":0,"comment_status":"closed","ping_status":"closed","template":"fullwidth-page.php","meta":{"footnotes":""},"class_list":["post-202","page","type-page","status-publish","hentry"],"_links":{"self":[{"href":"https:\/\/fliegen-goettingen.de\/index.php?rest_route=\/wp\/v2\/pages\/202","targetHints":{"allow":["GET"]}}],"collection":[{"href":"https:\/\/fliegen-goettingen.de\/index.php?rest_route=\/wp\/v2\/pages"}],"about":[{"href":"https:\/\/fliegen-goettingen.de\/index.php?rest_route=\/wp\/v2\/types\/page"}],"author":[{"embeddable":true,"href":"https:\/\/fliegen-goettingen.de\/index.php?rest_route=\/wp\/v2\/users\/1"}],"replies":[{"embeddable":true,"href":"https:\/\/fliegen-goettingen.de\/index.php?rest_route=%2Fwp%2Fv2%2Fcomments&post=202"}],"version-history":[{"count":6,"href":"https:\/\/fliegen-goettingen.de\/index.php?rest_route=\/wp\/v2\/pages\/202\/revisions"}],"predecessor-version":[{"id":631,"href":"https:\/\/fliegen-goettingen.de\/index.php?rest_route=\/wp\/v2\/pages\/202\/revisions\/631"}],"wp:attachment":[{"href":"https:\/\/fliegen-goettingen.de\/index.php?rest_route=%2Fwp%2Fv2%2Fmedia&parent=202"}],"curies":[{"name":"wp","href":"https:\/\/api.w.org\/{rel}","templated":true}]}}