{"id":192,"date":"2023-11-13T20:35:39","date_gmt":"2023-11-13T20:35:39","guid":{"rendered":"https:\/\/fliegen-goettingen.de\/?page_id=192"},"modified":"2023-12-30T19:23:32","modified_gmt":"2023-12-30T18:23:32","slug":"fliegen","status":"publish","type":"page","link":"https:\/\/fliegen-goettingen.de\/?page_id=192","title":{"rendered":"Gleitschirmfliegen"},"content":{"rendered":"\n<p><a href=\"https:\/\/www.fliegen-goettingen.de\/\"><\/a><\/p>\n\n\n\n<figure class=\"wp-block-image size-large\"><img loading=\"lazy\" decoding=\"async\" width=\"1024\" height=\"576\" src=\"https:\/\/fliegen-goettingen.de\/wp-content\/uploads\/2023\/11\/vlcsnap-2021-01-03-18h00m03s317-1024x576.png\" alt=\"\" class=\"wp-image-319\" srcset=\"https:\/\/fliegen-goettingen.de\/wp-content\/uploads\/2023\/11\/vlcsnap-2021-01-03-18h00m03s317-1024x576.png 1024w, https:\/\/fliegen-goettingen.de\/wp-content\/uploads\/2023\/11\/vlcsnap-2021-01-03-18h00m03s317-300x169.png 300w, https:\/\/fliegen-goettingen.de\/wp-content\/uploads\/2023\/11\/vlcsnap-2021-01-03-18h00m03s317-768x432.png 768w, https:\/\/fliegen-goettingen.de\/wp-content\/uploads\/2023\/11\/vlcsnap-2021-01-03-18h00m03s317-1536x864.png 1536w, https:\/\/fliegen-goettingen.de\/wp-content\/uploads\/2023\/11\/vlcsnap-2021-01-03-18h00m03s317.png 1920w\" sizes=\"auto, (max-width: 1024px) 100vw, 1024px\" \/><\/figure>\n\n\n\n<p><\/p>\n\n\n\n<p>Hier kannst Du Dich \u00fcber unseren Sport informieren.<\/p>\n\n\n\n<p>Wir geben einen Einblick in die verschiedenen M\u00f6glichkeiten des Gleitschirmfliegens und vielleicht macht Dich das ja schon so neugierig, dass Du mit uns Kontakt aufnimmst.<\/p>\n\n\n\n<p><strong>Der Gleitschirm<\/strong><\/p>\n\n\n\n<p>Der Gleitschirm besteht aus einem leichten Nylontuch, das je nach Gewicht der Piloten 20 m\u00b2 &#8211; 30 m\u00b2 gro\u00df ist und trotz gro\u00dfen Fl\u00e4che und der hunderten von Metern spezieller Leinen, nur ca. 3 \u2013 6 kg wiegt. Die H\u00f6chstgeschwindigkeit eines Gleitschirms betr\u00e4gt je nach Leistungsklasse ca. 35 \u2013 55 km\/h. Die zunehmende Leistung der Gleitschirme erm\u00f6glicht sehr erfahrenen Piloten inzwischen Fl\u00fcge von mehreren 100 km. Gestartet wird ein Gleitschirm am <a href=\"https:\/\/fliegen-goettingen.de\/?page_id=204\/\">Hang<\/a> oder auch im Flachland mit Hilfe einer <a href=\"https:\/\/fliegen-goettingen.de\/?page_id=203\/\">Seilwinde<\/a>. Gesteuert wird der Gleitschirm durch Gewichtsverlagerung und entsprechendem Zug an den Steuerleinen.<\/p>\n\n\n\n<p><\/p>\n","protected":false},"excerpt":{"rendered":"<p>Hier kannst Du Dich \u00fcber unseren Sport informieren. Wir geben einen Einblick in die verschiedenen M\u00f6glichkeiten des Gleitschirmfliegens und vielleicht macht Dich das ja schon so neugierig, dass Du mit [&hellip;]<\/p>\n","protected":false},"author":1,"featured_media":0,"parent":0,"menu_order":0,"comment_status":"closed","ping_status":"closed","template":"","meta":{"footnotes":""},"class_list":["post-192","page","type-page","status-publish","hentry"],"_links":{"self":[{"href":"https:\/\/fliegen-goettingen.de\/index.php?rest_route=\/wp\/v2\/pages\/192","targetHints":{"allow":["GET"]}}],"collection":[{"href":"https:\/\/fliegen-goettingen.de\/index.php?rest_route=\/wp\/v2\/pages"}],"about":[{"href":"https:\/\/fliegen-goettingen.de\/index.php?rest_route=\/wp\/v2\/types\/page"}],"author":[{"embeddable":true,"href":"https:\/\/fliegen-goettingen.de\/index.php?rest_route=\/wp\/v2\/users\/1"}],"replies":[{"embeddable":true,"href":"https:\/\/fliegen-goettingen.de\/index.php?rest_route=%2Fwp%2Fv2%2Fcomments&post=192"}],"version-history":[{"count":23,"href":"https:\/\/fliegen-goettingen.de\/index.php?rest_route=\/wp\/v2\/pages\/192\/revisions"}],"predecessor-version":[{"id":645,"href":"https:\/\/fliegen-goettingen.de\/index.php?rest_route=\/wp\/v2\/pages\/192\/revisions\/645"}],"wp:attachment":[{"href":"https:\/\/fliegen-goettingen.de\/index.php?rest_route=%2Fwp%2Fv2%2Fmedia&parent=192"}],"curies":[{"name":"wp","href":"https:\/\/api.w.org\/{rel}","templated":true}]}}