{"id":152,"date":"2023-11-13T18:40:57","date_gmt":"2023-11-13T18:40:57","guid":{"rendered":"https:\/\/fliegen-goettingen.de\/?page_id=152"},"modified":"2023-12-30T19:51:26","modified_gmt":"2023-12-30T18:51:26","slug":"satzung","status":"publish","type":"page","link":"https:\/\/fliegen-goettingen.de\/?page_id=152","title":{"rendered":"Satzung"},"content":{"rendered":"\n<p><strong>Drachen- und Gleitsegelverein G\u00f6ttingen e.V.<\/strong><\/p>\n\n\n\n<p><strong>Vereinssatzung<\/strong><br>(Neufassung gem. Mitgliederbeschluss vom 17.03.2017)<\/p>\n\n\n\n<br>&nbsp;\n<p>\u00a7 1 Name und Sitz<\/p>\n\n\n\n<p>Der Verein f\u00fchrt den Namen Drachen- und Gleitsegelverein G\u00f6ttingen e.V.<\/p>\n\n\n\n<p>Er hat seinen Sitz in Hann. M\u00fcnden und soll ins Vereinsregister eingetragen werden.<\/p>\n\n\n\n<br>&nbsp;\n<p>\u00a7 2 Zweck und Verwendung der Mittel<\/p>\n\n\n\n<p>Der Verein verfolgt ausschlie\u00dflich und unmittelbar gemeinn\u00fctzige Zwecke im Sinne des Ab\u00adschnitts \u201eSteuerbeg\u00fcnstigte Zwecke\u201c der Abgabenordnung.<\/p>\n\n\n\n<p>Zweck des Vereins ist die F\u00f6rderung des Sports. Dieser Satzungszweck wird insbesondere durch die F\u00f6rderung sportlicher \u00dcbungen und Leistungen im Bereich des Flugsports erreicht.<\/p>\n\n\n\n<p>Der Verein ist selbstlos t\u00e4tig; er verfolgt nicht in erster Linie eigenwirtschaftliche Zwecke.<\/p>\n\n\n\n<p>Mittel des Vereins d\u00fcrfen nur f\u00fcr die satzungsm\u00e4\u00dfigen Zwecke verwendet werden. Die Mit\u00adglieder erhalten keine Zuwendungen aus Mitteln des Vereins.<\/p>\n\n\n\n<p>Es darf keine Person durch Ausgaben, die dem Zweck des Vereins fremd sind, oder durch unverh\u00e4ltnism\u00e4\u00dfig hohe Verg\u00fctungen beg\u00fcnstigt werden.<\/p>\n\n\n\n<p>Bei Aufl\u00f6sung des Vereins oder bei Wegfall steuerbeg\u00fcnstigter Zwecke f\u00e4llt das Verm\u00f6gen des Vereins an den Deutschen H\u00e4ngegleiterverband, Schaftlacher Str. 23, 83701 Gmund\/Tegernsee, der es unmittelbar und ausschlie\u00dflich f\u00fcr gemeinn\u00fctzige Zwecke zu verwenden hat.<\/p>\n\n\n\n<br>&nbsp;\n<p>\u00a7 3 Mitglieder<\/p>\n\n\n\n<p>Mitglieder des Vereins k\u00f6nnen werden:<\/p>\n\n\n\n<p>a) aktive Drachen- und Gleitschirmflieger<\/p>\n\n\n\n<p>b) passive und f\u00f6rdernde Mitglieder<\/p>\n\n\n\n<p>c) Ehrenmitglieder<\/p>\n\n\n\n<p>Mitglieder des Vereins k\u00f6nnen alle Personen werden, wenn sie um die Aufnahme schriftlich beim Vorstand nachsuchen. Bei Minderj\u00e4hrigen ist der Aufnahmeantrag schriftlich vom ge\u00adsetzlichen Vertreter zu stellen.<\/p>\n\n\n\n<p>\u00dcber die Aufnahme entscheidet der Vorstand mit einfacher Mehrheit.<\/p>\n\n\n\n<br>&nbsp;\n<p>\u00a7 4 Beginn und Ende der Mitgliedschaft<\/p>\n\n\n\n<p>Die Mitgliedschaft endet durch Tod, Austrittserkl\u00e4rung oder Ausschluss.<\/p>\n\n\n\n<ol class=\"wp-block-list\">\n<li>Die Austrittserkl\u00e4rung ist schriftlich mit einer Frist von 3&nbsp;Monaten zum Ende des Kalen\u00adderjahres an den Vorstand zu richten. Sie hat sofortige Wirkung, befreit jedoch nicht von der Verpflichtung zur Zahlung des f\u00e4lligen Beitrags und den \u00fcbrigen vorher vereinbarten Pflichten gegen\u00fcber dem Verein.<\/li>\n\n\n\n<li>Der Ausschluss kann erfolgen wegen Sch\u00e4digung des Vereinsinteresses und wegen Verst\u00f6\u00dfen gegen die Satzung. Er kann weiterhin erfolgen bei gef\u00e4hrdendem Verhalten im Flugbetrieb sowie Nichteinhalten der finanziellen Verpflichtungen gegen\u00fcber dem Verein.<br>\u00dcber den Ausschluss entscheidet der Vorstand durch einen schriftlichen Bescheid. Ge\u00adgen den Beschluss ist Einspruch m\u00f6glich, er muss binnen zwei Wochen ab Zugang des Beschlusses schriftlich beim Vorstand eingehen. \u00dcber den Einspruch entscheidet die Mitgliederversammlung.<\/li>\n<\/ol>\n\n\n\n<br>&nbsp;\n<p>\u00a7 5 Mitgliedsbeitr\u00e4ge<\/p>\n\n\n\n<p>\u00dcber H\u00f6he und F\u00e4lligkeit der Geldbeitr\u00e4ge beschlie\u00dft die Mitgliederversammlung.<\/p>\n\n\n\n<br>&nbsp;\n<p>\u00a7 6 Organe des Vereins<\/p>\n\n\n\n<p>(1) Organe des Vereins sind Vorstand und Mitgliederversammlung.<\/p>\n\n\n\n<p>(2) Der Vorstand besteht aus dem 1. Vorsitzenden, 2. Vorsitzenden und einem Finanzvorstand.<\/p>\n\n\n\n<p>(3) Der Vorstand wird auf die Dauer von drei Jahren von der Mitgliederversammlung gew\u00e4hlt.<\/p>\n\n\n\n<p>Vertreten wird der Verein durch den Vorstand<\/p>\n\n\n\n<p>Der 1. Vorsitzende ist allein vertretungsberechtigt.<\/p>\n\n\n\n<p>Der 2. Vorsitzende und der Finanzvorstand sind gemeinsam vertretungsberechtigt.<\/p>\n\n\n\n<br>&nbsp;\n<p>\u00a7 7 Mitgliederversammlung<\/p>\n\n\n\n<p>Die Mitgliederversammlung muss mindestens einmal im Kalenderjahr stattfinden. Sie wird vom Vorstand mit einer Frist von 14&nbsp;Tagen schriftlich unter Bekanntgabe der Tagesordnung einberufen.<\/p>\n\n\n\n<p>Eine au\u00dferordentliche Mitgliederversammlung ist auf Verlangen eines Drittels der stimmberechtigten Mitglieder einzuberufen.<\/p>\n\n\n\n<p>Die Beschl\u00fcsse werden mit einfacher Stim\u00admenmehrheit gefasst.<\/p>\n\n\n\n<p>Die Mitgliederversammlung ist beschlussf\u00e4hig, wenn mindestens f\u00fcnf Mitglieder erschienen sind.<\/p>\n\n\n\n<p>F\u00fcr Satzungs\u00e4nderungen und Aufl\u00f6sung des Vereins ist eine Mehrheit von drei Vierteln der anwesenden Mitglieder erforderlich.<\/p>\n\n\n\n<br>&nbsp;\n<p>\u00a7 8 Kassenpr\u00fcfer<\/p>\n\n\n\n<p>Die Mitgliederversammlung w\u00e4hlt f\u00fcr die Dauer von einem Jahr eine\/n Kassenpr\u00fcfer\/in. Diese\/r darf nicht Mitglied des Vorstands sein. Wiederwahl ist zul\u00e4ssig.<\/p>\n\n\n\n<br>&nbsp;\n<p>\u00a7 9 Beschl\u00fcsse und Protokoll der Versammlung<\/p>\n\n\n\n<p>Der Verlauf der Mitgliederversammlung und deren Beschl\u00fcsse sind schriftlich niederzulegen und vom Versammlungsleiter sowie dem Protokollf\u00fchrer zu unterzeichnen.<\/p>\n\n\n\n<br>&nbsp;\n<p>\u00a7 10 Verbindlichkeiten des Vereins<\/p>\n\n\n\n<p>Verbindlichkeiten d\u00fcrfen vom Vorstand nur in H\u00f6he des aktuellen Kassenbestandes eingegangen werden.<\/p>\n\n\n\n<br>&nbsp;\n<p>\u00a7 11 Liquidatoren bei Aufl\u00f6sung des Vereins<\/p>\n\n\n\n<p>Beschlie\u00dft die Mitgliederversammlung die Aufl\u00f6sung des Vereins mit der in \u00a7 7 festgelegten Stimmenmehrheit, so werden der 1. Vorsitzende und sein Stellvertreter gemeinsam vertre\u00adtensberechtigte Liquidatoren.<\/p>\n\n\n\n<p><\/p>\n","protected":false},"excerpt":{"rendered":"<p>Drachen- und Gleitsegelverein G\u00f6ttingen e.V. Vereinssatzung(Neufassung gem. Mitgliederbeschluss vom 17.03.2017) &nbsp; \u00a7 1 Name und Sitz Der Verein f\u00fchrt den Namen Drachen- und Gleitsegelverein G\u00f6ttingen e.V. Er hat seinen Sitz [&hellip;]<\/p>\n","protected":false},"author":1,"featured_media":0,"parent":0,"menu_order":0,"comment_status":"closed","ping_status":"closed","template":"fullwidth-page.php","meta":{"footnotes":""},"class_list":["post-152","page","type-page","status-publish","hentry"],"_links":{"self":[{"href":"https:\/\/fliegen-goettingen.de\/index.php?rest_route=\/wp\/v2\/pages\/152","targetHints":{"allow":["GET"]}}],"collection":[{"href":"https:\/\/fliegen-goettingen.de\/index.php?rest_route=\/wp\/v2\/pages"}],"about":[{"href":"https:\/\/fliegen-goettingen.de\/index.php?rest_route=\/wp\/v2\/types\/page"}],"author":[{"embeddable":true,"href":"https:\/\/fliegen-goettingen.de\/index.php?rest_route=\/wp\/v2\/users\/1"}],"replies":[{"embeddable":true,"href":"https:\/\/fliegen-goettingen.de\/index.php?rest_route=%2Fwp%2Fv2%2Fcomments&post=152"}],"version-history":[{"count":13,"href":"https:\/\/fliegen-goettingen.de\/index.php?rest_route=\/wp\/v2\/pages\/152\/revisions"}],"predecessor-version":[{"id":665,"href":"https:\/\/fliegen-goettingen.de\/index.php?rest_route=\/wp\/v2\/pages\/152\/revisions\/665"}],"wp:attachment":[{"href":"https:\/\/fliegen-goettingen.de\/index.php?rest_route=%2Fwp%2Fv2%2Fmedia&parent=152"}],"curies":[{"name":"wp","href":"https:\/\/api.w.org\/{rel}","templated":true}]}}