{"id":151,"date":"2023-11-13T18:40:57","date_gmt":"2023-11-13T18:40:57","guid":{"rendered":"https:\/\/fliegen-goettingen.de\/?page_id=151"},"modified":"2026-01-28T16:23:40","modified_gmt":"2026-01-28T15:23:40","slug":"mitglied-werdern","status":"publish","type":"page","link":"https:\/\/fliegen-goettingen.de\/?page_id=151","title":{"rendered":"Mitglied im DGSV G\u00f6ttingen werden"},"content":{"rendered":"\n<figure class=\"wp-block-image\"><img decoding=\"async\" src=\"https:\/\/www.fliegen-goettingen.de\/s\/img\/emotionheader.jpg?1679948416.610px.269px\" alt=\"\"\/><\/figure>\n\n\n\n<p><a href=\"https:\/\/www.fliegen-goettingen.de\/\"><\/a><\/p>\n\n\n\n<p>Wenn Du bei uns Mitglied werden willst, brauchst du nur das unten stehende Formular auszuf\u00fcllen. Der Jahresbeitrag betr\u00e4gt derzeit 20 \u20ac im Jahr.<\/p>\n\n\n\n<p>Falls du schon Pilot*in bist, kannst du \u00fcber unseren Verein auch deinen DHV-Mitgliedsbeitrag einziehen lassen, dann reduziert sich dein Jahresbeitrag an den DHV von 89 \u20ac auf 56 \u20ac (<em>Stand Januar 2026<\/em>).<\/p>\n\n\n\n<p>Wir freuen uns auf dich! Du kannst uns nat\u00fcrlich auch ohne Mitglied zu sein bei unseren monatlichen Treffen besuchen.<\/p>\n\n\n\n<p><strong>Aufnahmeantrag:<\/strong><\/p>\n\n\n\n\n\n<div class=\"wpcf7 no-js\" id=\"wpcf7-f924-o1\" lang=\"de-DE\" dir=\"ltr\" data-wpcf7-id=\"924\">\n<div class=\"screen-reader-response\"><p role=\"status\" aria-live=\"polite\" aria-atomic=\"true\"><\/p> <ul><\/ul><\/div>\n<form action=\"\/index.php?rest_route=%2Fwp%2Fv2%2Fpages%2F151#wpcf7-f924-o1\" method=\"post\" class=\"wpcf7-form init\" aria-label=\"Kontaktformular\" novalidate=\"novalidate\" data-status=\"init\">\n<fieldset class=\"hidden-fields-container\"><input type=\"hidden\" name=\"_wpcf7\" value=\"924\" \/><input type=\"hidden\" name=\"_wpcf7_version\" value=\"6.1.5\" \/><input type=\"hidden\" name=\"_wpcf7_locale\" value=\"de_DE\" \/><input type=\"hidden\" name=\"_wpcf7_unit_tag\" value=\"wpcf7-f924-o1\" \/><input type=\"hidden\" name=\"_wpcf7_container_post\" value=\"0\" \/><input type=\"hidden\" name=\"_wpcf7_posted_data_hash\" value=\"\" \/>\n<\/fieldset>\n<h1><span class=\"ez-toc-section\" id=\"Drachen_und_Gleitsegelverein_Goettingen_e_V\"><\/span>Drachen und Gleitsegelverein G\u00f6ttingen e. V.\n<span class=\"ez-toc-section-end\"><\/span><\/h1>\n<h2><span class=\"ez-toc-section\" id=\"Aufnahmeantrag\"><\/span>Aufnahmeantrag\n<span class=\"ez-toc-section-end\"><\/span><\/h2>\n<p><label>Hiermit beantrage ich die Aufnahme in den Drachen- und Gleitsegelverein G\u00f6ttingen e.V..<br \/>\nDer Beitrag betr\u00e4gt zur Zeit 20,-\u20ac im Jahr.<br \/>\nDer Drachen- und Gleitsegelverein G\u00f6ttingen e.V. ist Mitgliedsverein im Deutschen H\u00e4ngegleiterverband (DHV).<\/label><br \/>\n<label>F\u00fcr Vereinsmitglieder, die im DHV Mitglied sind oder sein wollen, reduziert sich der Jahresbeitrag an den DHV von 89,- \u20ac auf 56,-\u20ac. Jugendliche unter 22 Jahren zahlen nur den halben DHV-Mitgliedsbeitrag.<br \/>\nEine Haftpflichtversicherung ist separat abzuschlie\u00dfen (z.B. DHV, ParaWing, Ergo, Allianz etc.), sie ist nicht im Mitgliedsbeitrag enthalten.<\/label>\n<\/p>\n<p><label> Name<br \/>\n<span class=\"wpcf7-form-control-wrap\" data-name=\"your-name\"><input size=\"40\" maxlength=\"400\" class=\"wpcf7-form-control wpcf7-text wpcf7-validates-as-required\" autocomplete=\"name\" aria-required=\"true\" aria-invalid=\"false\" value=\"\" type=\"text\" name=\"your-name\" \/><\/span> <\/label><br \/>\n<label> Geburtsdatum<br \/>\n<span class=\"wpcf7-form-control-wrap\" data-name=\"your-birthdate\"><input size=\"40\" maxlength=\"400\" class=\"wpcf7-form-control wpcf7-text wpcf7-validates-as-required\" aria-required=\"true\" aria-invalid=\"false\" value=\"\" type=\"text\" name=\"your-birthdate\" \/><\/span> <\/label><br \/>\n<label> Adresse<br \/>\n<span class=\"wpcf7-form-control-wrap\" data-name=\"your-address\"><textarea cols=\"40\" rows=\"10\" maxlength=\"2000\" class=\"wpcf7-form-control wpcf7-textarea wpcf7-validates-as-required\" aria-required=\"true\" aria-invalid=\"false\" name=\"your-address\"><\/textarea><\/span><\/label><br \/>\n<label> E-Mail-Adresse<br \/>\n<span class=\"wpcf7-form-control-wrap\" data-name=\"your-email\"><input size=\"40\" maxlength=\"400\" class=\"wpcf7-form-control wpcf7-email wpcf7-validates-as-required wpcf7-text wpcf7-validates-as-email\" autocomplete=\"email\" aria-required=\"true\" aria-invalid=\"false\" value=\"\" type=\"email\" name=\"your-email\" \/><\/span> <\/label><br \/>\n<label> Mobilnummer<br \/>\n<span class=\"wpcf7-form-control-wrap\" data-name=\"your-phone_no\"><input size=\"40\" maxlength=\"400\" class=\"wpcf7-form-control wpcf7-text\" aria-invalid=\"false\" value=\"\" type=\"text\" name=\"your-phone_no\" \/><\/span><\/label><br \/>\n<label> Piloten-Nummer<br \/>\n<span class=\"wpcf7-form-control-wrap\" data-name=\"your-pilote-no\"><input size=\"40\" maxlength=\"400\" class=\"wpcf7-form-control wpcf7-text\" aria-invalid=\"false\" value=\"\" type=\"text\" name=\"your-pilote-no\" \/><\/span> <\/label><br \/>\n<label> DHV Mitglieds-Nummer<br \/>\n<span class=\"wpcf7-form-control-wrap\" data-name=\"your-dhv-no\"><input size=\"40\" maxlength=\"400\" class=\"wpcf7-form-control wpcf7-text\" aria-invalid=\"false\" value=\"\" type=\"text\" name=\"your-dhv-no\" \/><\/span> <\/label>\n<\/p>\n<p><label>Ich bin <\/label><br \/>\n<span class=\"wpcf7-form-control-wrap\" data-name=\"gleitschirmflieger\"><span class=\"wpcf7-form-control wpcf7-checkbox\"><span class=\"wpcf7-list-item first last\"><label><input type=\"checkbox\" name=\"gleitschirmflieger[]\" value=\"Gleitschirmflieger\" \/><span class=\"wpcf7-list-item-label\">Gleitschirmflieger<\/span><\/label><\/span><\/span><\/span><span class=\"wpcf7-form-control-wrap\" data-name=\"drachenflieger\"><span class=\"wpcf7-form-control wpcf7-checkbox\"><span class=\"wpcf7-list-item first last\"><label><input type=\"checkbox\" name=\"drachenflieger[]\" value=\"Drachenflieger\" \/><span class=\"wpcf7-list-item-label\">Drachenflieger<\/span><\/label><\/span><\/span><\/span>\n<\/p>\n<p><label>Gleitschirm:<\/label><br \/>\n<span class=\"wpcf7-form-control-wrap\" data-name=\"gleitschirm_L\"><span class=\"wpcf7-form-control wpcf7-checkbox\"><span class=\"wpcf7-list-item first last\"><label><input type=\"checkbox\" name=\"gleitschirm_L[]\" value=\"L-Schein\" \/><span class=\"wpcf7-list-item-label\">L-Schein<\/span><\/label><\/span><\/span><\/span><span class=\"wpcf7-form-control-wrap\" data-name=\"gleitschirm_A\"><span class=\"wpcf7-form-control wpcf7-checkbox\"><span class=\"wpcf7-list-item first last\"><label><input type=\"checkbox\" name=\"gleitschirm_A[]\" value=\"A-Schein\" \/><span class=\"wpcf7-list-item-label\">A-Schein<\/span><\/label><\/span><\/span><\/span><span class=\"wpcf7-form-control-wrap\" data-name=\"gleitschirm_B\"><span class=\"wpcf7-form-control wpcf7-checkbox\"><span class=\"wpcf7-list-item first last\"><label><input type=\"checkbox\" name=\"gleitschirm_B[]\" value=\"B-Schein\" \/><span class=\"wpcf7-list-item-label\">B-Schein<\/span><\/label><\/span><\/span><\/span><span class=\"wpcf7-form-control-wrap\" data-name=\"gleitschirm_Tandem\"><span class=\"wpcf7-form-control wpcf7-checkbox\"><span class=\"wpcf7-list-item first last\"><label><input type=\"checkbox\" name=\"gleitschirm_Tandem[]\" value=\"Tandem-Lizenz\" \/><span class=\"wpcf7-list-item-label\">Tandem-Lizenz<\/span><\/label><\/span><\/span><\/span>\n<\/p>\n<p><label>Drachen:<\/label><br \/>\n<span class=\"wpcf7-form-control-wrap\" data-name=\"drachen_L\"><span class=\"wpcf7-form-control wpcf7-checkbox\"><span class=\"wpcf7-list-item first last\"><label><input type=\"checkbox\" name=\"drachen_L[]\" value=\"L-Schein\" \/><span class=\"wpcf7-list-item-label\">L-Schein<\/span><\/label><\/span><\/span><\/span><span class=\"wpcf7-form-control-wrap\" data-name=\"drachen_A\"><span class=\"wpcf7-form-control wpcf7-checkbox\"><span class=\"wpcf7-list-item first last\"><label><input type=\"checkbox\" name=\"drachen_A[]\" value=\"A-Schein\" \/><span class=\"wpcf7-list-item-label\">A-Schein<\/span><\/label><\/span><\/span><\/span><span class=\"wpcf7-form-control-wrap\" data-name=\"drachen_B\"><span class=\"wpcf7-form-control wpcf7-checkbox\"><span class=\"wpcf7-list-item first last\"><label><input type=\"checkbox\" name=\"drachen_B[]\" value=\"B-Schein\" \/><span class=\"wpcf7-list-item-label\">B-Schein<\/span><\/label><\/span><\/span><\/span><span class=\"wpcf7-form-control-wrap\" data-name=\"drachen_Tandem\"><span class=\"wpcf7-form-control wpcf7-checkbox\"><span class=\"wpcf7-list-item first last\"><label><input type=\"checkbox\" name=\"drachen_Tandem[]\" value=\"Tandem-Lizenz\" \/><span class=\"wpcf7-list-item-label\">Tandem-Lizenz<\/span><\/label><\/span><\/span><\/span>\n<\/p>\n<p><span class=\"wpcf7-form-control-wrap\" data-name=\"dhv_mitglied\"><span class=\"wpcf7-form-control wpcf7-checkbox\"><span class=\"wpcf7-list-item first last\"><label><input type=\"checkbox\" name=\"dhv_mitglied[]\" value=\"Ich m\u00f6chte \u00fcber den Drachen und Gleitsegelverein G\u00f6ttingen e. V. Mitglied im DHV werden bzw. m\u00f6chte \u00fcber den Verein meinen Mitgliedsbeitrag beim DHV bezahlen.\" \/><span class=\"wpcf7-list-item-label\">Ich m\u00f6chte \u00fcber den Drachen und Gleitsegelverein G\u00f6ttingen e. V. Mitglied im DHV werden bzw. m\u00f6chte \u00fcber den Verein meinen Mitgliedsbeitrag beim DHV bezahlen.<\/span><\/label><\/span><\/span><\/span>\n<\/p>\n<p><label>Die Zahlung erfolgt \u00fcber Lastschrift<\/label>\n<\/p>\n<p><label>Erm\u00e4chtigung zum Einzug aller Verbindlichkeiten gegen\u00fcber dem Verein durch SEPA-Einzug:<\/label><br \/>\n<label>____________________________________<\/label><br \/>\n<span class=\"wpcf7-form-control-wrap\" data-name=\"your-sepa\"><span class=\"wpcf7-form-control wpcf7-checkbox wpcf7-validates-as-required\"><span class=\"wpcf7-list-item first last\"><input type=\"checkbox\" name=\"your-sepa[]\" value=\"Hiermit erm\u00e4chtige ich den Gleitsegel- und Drachverein G\u00f6ttingen e.V. widerruflich, alle Verbindlichkeiten gegen\u00fcber dem Verein zu Lasten meines Kontos\" \/><span class=\"wpcf7-list-item-label\">Hiermit erm\u00e4chtige ich den Gleitsegel- und Drachverein G\u00f6ttingen e.V. widerruflich, alle Verbindlichkeiten gegen\u00fcber dem Verein zu Lasten meines Kontos<\/span><\/span><\/span><\/span><br \/>\n<label>IBAN: <span class=\"wpcf7-form-control-wrap\" data-name=\"your-iban\"><input size=\"40\" maxlength=\"400\" class=\"wpcf7-form-control wpcf7-text wpcf7-validates-as-required\" aria-required=\"true\" aria-invalid=\"false\" value=\"\" type=\"text\" name=\"your-iban\" \/><\/span><\/label><br \/>\n<label>BIC\/Swift: <span class=\"wpcf7-form-control-wrap\" data-name=\"your-bic\"><input size=\"40\" maxlength=\"400\" class=\"wpcf7-form-control wpcf7-text wpcf7-validates-as-required\" aria-required=\"true\" aria-invalid=\"false\" value=\"\" type=\"text\" name=\"your-bic\" \/><\/span><\/label><br \/>\n<label>Kreditinstitut: <span class=\"wpcf7-form-control-wrap\" data-name=\"your-bank\"><input size=\"40\" maxlength=\"400\" class=\"wpcf7-form-control wpcf7-text wpcf7-validates-as-required\" aria-required=\"true\" aria-invalid=\"false\" value=\"\" type=\"text\" name=\"your-bank\" \/><\/span><\/label><br \/>\n<label>durch Lastschrift einzuziehen.<\/label><br \/>\n<label>Wenn mein Konto die erforderliche Deckung nicht aufweist, besteht seitens des Kreditinstitus keine Verpflichtung zur Einl\u00f6sung. Teileinl\u00f6sungen werden im Lastschriftverfahren nicht vorgenommen. Die Kosten f\u00fcr eine R\u00fccklastschrift trage ich.<\/label><br \/>\n<label>____________________________________<\/label>\n<\/p>\n<p><span class=\"wpcf7-form-control-wrap\" data-name=\"your-place\"><input size=\"40\" maxlength=\"400\" class=\"wpcf7-form-control wpcf7-text\" aria-invalid=\"false\" value=\"\" type=\"text\" name=\"your-place\" \/><\/span><br \/>\n<label>Ort<\/label><br \/>\n<span class=\"wpcf7-form-control-wrap\" data-name=\"your-date\"><input size=\"40\" maxlength=\"400\" class=\"wpcf7-form-control wpcf7-text\" aria-invalid=\"false\" value=\"\" type=\"text\" name=\"your-date\" \/><\/span><br \/>\n<label>Datum<\/label>\n<\/p>\n<p><label><span class=\"wpcf7-form-control-wrap\" data-name=\"datenschutz\"><span class=\"wpcf7-form-control wpcf7-checkbox wpcf7-validates-as-required\"><span class=\"wpcf7-list-item first last\"><label><input type=\"checkbox\" name=\"datenschutz[]\" value=\"Ich stimme der Verarbeitung meiner Daten gem\u00e4\u00df Datenschutzerkl\u00e4rung zu\" \/><span class=\"wpcf7-list-item-label\">Ich stimme der Verarbeitung meiner Daten gem\u00e4\u00df Datenschutzerkl\u00e4rung zu<\/span><\/label><\/span><\/span><\/span><\/label>\n<\/p>\n<p><input class=\"wpcf7-form-control wpcf7-submit has-spinner\" type=\"submit\" value=\"Mitgliedschaft beantragen\" \/>\n<\/p><div class=\"wpcf7-response-output\" aria-hidden=\"true\"><\/div>\n<\/form>\n<\/div>\n\n\n\n\n<p><\/p>\n\n\n\n<p><\/p>\n","protected":false},"excerpt":{"rendered":"<p>Wenn Du bei uns Mitglied werden willst, brauchst du nur das unten stehende Formular auszuf\u00fcllen. Der Jahresbeitrag betr\u00e4gt derzeit 20 \u20ac im Jahr. Falls du schon Pilot*in bist, kannst du [&hellip;]<\/p>\n","protected":false},"author":1,"featured_media":0,"parent":0,"menu_order":0,"comment_status":"closed","ping_status":"closed","template":"fullwidth-page.php","meta":{"footnotes":""},"class_list":["post-151","page","type-page","status-publish","hentry"],"_links":{"self":[{"href":"https:\/\/fliegen-goettingen.de\/index.php?rest_route=\/wp\/v2\/pages\/151","targetHints":{"allow":["GET"]}}],"collection":[{"href":"https:\/\/fliegen-goettingen.de\/index.php?rest_route=\/wp\/v2\/pages"}],"about":[{"href":"https:\/\/fliegen-goettingen.de\/index.php?rest_route=\/wp\/v2\/types\/page"}],"author":[{"embeddable":true,"href":"https:\/\/fliegen-goettingen.de\/index.php?rest_route=\/wp\/v2\/users\/1"}],"replies":[{"embeddable":true,"href":"https:\/\/fliegen-goettingen.de\/index.php?rest_route=%2Fwp%2Fv2%2Fcomments&post=151"}],"version-history":[{"count":17,"href":"https:\/\/fliegen-goettingen.de\/index.php?rest_route=\/wp\/v2\/pages\/151\/revisions"}],"predecessor-version":[{"id":949,"href":"https:\/\/fliegen-goettingen.de\/index.php?rest_route=\/wp\/v2\/pages\/151\/revisions\/949"}],"wp:attachment":[{"href":"https:\/\/fliegen-goettingen.de\/index.php?rest_route=%2Fwp%2Fv2%2Fmedia&parent=151"}],"curies":[{"name":"wp","href":"https:\/\/api.w.org\/{rel}","templated":true}]}}